{"id":37,"date":"2025-08-26T13:22:13","date_gmt":"2025-08-26T11:22:13","guid":{"rendered":"https:\/\/www.the-alien-project.com\/3DV\/?page_id=37"},"modified":"2025-08-27T09:37:31","modified_gmt":"2025-08-27T07:37:31","slug":"accueil","status":"publish","type":"page","link":"https:\/\/www.the-alien-project.com\/3DV\/","title":{"rendered":"Accueil"},"content":{"rendered":"<p>[et_pb_section fb_built=\u00a0\u00bb1&Prime; _builder_version=\u00a0\u00bb4.27.4&Prime; _module_preset=\u00a0\u00bbdefault\u00a0\u00bb custom_padding=\u00a0\u00bb5px||5px|||\u00a0\u00bb global_colors_info=\u00a0\u00bb{}\u00a0\u00bb][et_pb_row column_structure=\u00a0\u00bb1_3,1_3,1_3&Prime; _builder_version=\u00a0\u00bb4.27.4&Prime; _module_preset=\u00a0\u00bbdefault\u00a0\u00bb global_colors_info=\u00a0\u00bb{}\u00a0\u00bb][et_pb_column type=\u00a0\u00bb1_3&Prime; _builder_version=\u00a0\u00bb4.27.4&Prime; _module_preset=\u00a0\u00bbdefault\u00a0\u00bb global_colors_info=\u00a0\u00bb{}\u00a0\u00bb][et_pb_text _builder_version=\u00a0\u00bb4.27.4&Prime; _module_preset=\u00a0\u00bbdefault\u00a0\u00bb text_font=\u00a0\u00bbOpen Sans Condensed||||||||\u00a0\u00bb header_font=\u00a0\u00bbOpen Sans Condensed Bold||||||||\u00a0\u00bb header_2_font=\u00a0\u00bbOpen Sans Condensed Bold||||||||\u00a0\u00bb custom_margin=\u00a0\u00bb||-1px|||\u00a0\u00bb hover_enabled=\u00a0\u00bb0&Prime; global_colors_info=\u00a0\u00bb{}\u00a0\u00bb sticky_enabled=\u00a0\u00bb0&Prime;]<\/p>\n<p><img loading=\"lazy\" decoding=\"async\" src=\"https:\/\/www.the-alien-project.com\/3DV\/wp-content\/uploads\/2025\/08\/fr.png\" width=\"18\" height=\"12\" alt=\"\" class=\"wp-image-70 alignnone size-full\" \/><\/p>\n<h2>Pr\u00e9sentation<\/h2>\n<p>Cette page vous propose d&rsquo;explorer une s\u00e9lection de momies en 3D.<\/p>\n<p>Pour une exp\u00e9rience utilisateur optimale, nous vous conseillons la visualisation sur un ordinateur de bureau avec une souris comprenant une roulette centrale. <strong>La visualisation sur un appareil mobile (tablette, t\u00e9l\u00e9phone) n&rsquo;est pas garantie.<\/strong><\/p>\n<p>Voici les actions possibles pour manipuler la momie choisie en 3D :<\/p>\n<p>[\/et_pb_text][et_pb_image src=\u00a0\u00bbhttps:\/\/www.the-alien-project.com\/3DV\/wp-content\/uploads\/2025\/08\/souris-FR.png\u00a0\u00bb title_text=\u00a0\u00bbsouris-FR\u00a0\u00bb _builder_version=\u00a0\u00bb4.27.4&Prime; _module_preset=\u00a0\u00bbdefault\u00a0\u00bb custom_margin=\u00a0\u00bb||-1px|||\u00a0\u00bb global_colors_info=\u00a0\u00bb{}\u00a0\u00bb][\/et_pb_image][et_pb_text _builder_version=\u00a0\u00bb4.27.4&Prime; _module_preset=\u00a0\u00bbdefault\u00a0\u00bb hover_enabled=\u00a0\u00bb0&Prime; global_colors_info=\u00a0\u00bb{}\u00a0\u00bb sticky_enabled=\u00a0\u00bb0&Prime;]<\/p>\n<p>Pour chaque momie, vous pourrez :<\/p>\n<ul>\n<li>s\u00e9lectionner une ou plusieurs couches selon la valeur des radiodensit\u00e9s (colonne de gauche),<\/li>\n<li>voir la momie en coupe \u00e0 l&rsquo;aide du curseur \u00ab\u00a0Clipping Cam\u00a0\u00bb plac\u00e9 sous la repr\u00e9sentation 3 D de la momie,<\/li>\n<li>passer en affichage \u00ab\u00a0plein \u00e9cran\u00a0\u00bb en cliquant sur le bouton violet, en bas \u00e0 droite.<\/li>\n<\/ul>\n<p>Pour acc\u00e9der au seul site de r\u00e9f\u00e9rence regroupant les r\u00e9sultats d&rsquo;analyses sur les Momies de Nazca :<\/p>\n<p>[\/et_pb_text][et_pb_button button_url=\u00a0\u00bbhttps:\/\/www.the-alien-project.com\/\u00a0\u00bb url_new_window=\u00a0\u00bbon\u00a0\u00bb button_text=\u00a0\u00bbSite officiel sur les momies de Nazca\u00a0\u00bb button_alignment=\u00a0\u00bbcenter\u00a0\u00bb _builder_version=\u00a0\u00bb4.27.4&Prime; _module_preset=\u00a0\u00bbdefault\u00a0\u00bb global_colors_info=\u00a0\u00bb{}\u00a0\u00bb][\/et_pb_button][\/et_pb_column][et_pb_column type=\u00a0\u00bb1_3&Prime; _builder_version=\u00a0\u00bb4.27.4&Prime; _module_preset=\u00a0\u00bbdefault\u00a0\u00bb global_colors_info=\u00a0\u00bb{}\u00a0\u00bb][et_pb_text _builder_version=\u00a0\u00bb4.27.4&Prime; _module_preset=\u00a0\u00bbdefault\u00a0\u00bb text_font=\u00a0\u00bb&#8211;et_global_body_font||||||||\u00a0\u00bb custom_margin=\u00a0\u00bb||-1px|||\u00a0\u00bb hover_enabled=\u00a0\u00bb0&Prime; global_colors_info=\u00a0\u00bb{}\u00a0\u00bb sticky_enabled=\u00a0\u00bb0&Prime;]<\/p>\n<p>\u00a0<img loading=\"lazy\" decoding=\"async\" src=\"https:\/\/www.the-alien-project.com\/3DV\/wp-content\/uploads\/2025\/08\/es.png\" width=\"18\" height=\"12\" alt=\"\" class=\"wp-image-77 alignnone size-full\" \/><\/p>\n<h2>Presentaci\u00f3n<\/h2>\n<p>Esta p\u00e1gina te invita a explorar una selecci\u00f3n de momias en 3D.<\/p>\n<p>Para una experiencia de usuario \u00f3ptima, recomendamos visualizar en una computadora de escritorio con un mouse que incluya una rueda central. <strong>No se garantiza la visualizaci\u00f3n en un dispositivo m\u00f3vil (tableta, tel\u00e9fono).<\/strong><\/p>\n<p>Aqu\u00ed tienes las posibles acciones para manipular la momia elegida en 3D:<\/p>\n<p>[\/et_pb_text][et_pb_image src=\u00a0\u00bbhttps:\/\/www.the-alien-project.com\/3DV\/wp-content\/uploads\/2025\/08\/souris-ES.png\u00a0\u00bb title_text=\u00a0\u00bbsouris-ES\u00a0\u00bb _builder_version=\u00a0\u00bb4.27.4&Prime; _module_preset=\u00a0\u00bbdefault\u00a0\u00bb custom_margin=\u00a0\u00bb||3px|||\u00a0\u00bb global_colors_info=\u00a0\u00bb{}\u00a0\u00bb][\/et_pb_image][et_pb_text _builder_version=\u00a0\u00bb4.27.4&Prime; _module_preset=\u00a0\u00bbdefault\u00a0\u00bb global_colors_info=\u00a0\u00bb{}\u00a0\u00bb]<\/p>\n<p>Por cada momia podr\u00e1s:\u00a0<\/p>\n<ul>\n<li>seleccione una o m\u00e1s capas seg\u00fan el valor de radiodensidad (columna izquierda),<\/li>\n<li>vea la momia en secci\u00f3n usando el cursor \u00ab\u00a0Clipping Cam\u00a0\u00bb colocado debajo de la representaci\u00f3n 3D de la momia,<\/li>\n<li>cambie a la visualizaci\u00f3n de \u201cpantalla completa\u201d haciendo clic en el bot\u00f3n morado en la parte inferior derecha,<\/li>\n<\/ul>\n<p>Para acceder al \u00fanico sitio de referencia que re\u00fane los resultados de los an\u00e1lisis sobre las Momias de Nasca:<\/p>\n<p>[\/et_pb_text][et_pb_button button_url=\u00a0\u00bbhttps:\/\/www.the-alien-project.com\/es\/\u00a0\u00bb url_new_window=\u00a0\u00bbon\u00a0\u00bb button_text=\u00a0\u00bbSitio web oficial sobre las momias de Nazca\u00a0\u00bb button_alignment=\u00a0\u00bbcenter\u00a0\u00bb _builder_version=\u00a0\u00bb4.27.4&Prime; _module_preset=\u00a0\u00bbdefault\u00a0\u00bb global_colors_info=\u00a0\u00bb{}\u00a0\u00bb][\/et_pb_button][\/et_pb_column][et_pb_column type=\u00a0\u00bb1_3&Prime; _builder_version=\u00a0\u00bb4.27.4&Prime; _module_preset=\u00a0\u00bbdefault\u00a0\u00bb global_colors_info=\u00a0\u00bb{}\u00a0\u00bb][et_pb_text _builder_version=\u00a0\u00bb4.27.4&Prime; _module_preset=\u00a0\u00bbdefault\u00a0\u00bb text_font=\u00a0\u00bb&#8211;et_global_body_font||||||||\u00a0\u00bb custom_margin=\u00a0\u00bb||-1px|||\u00a0\u00bb global_colors_info=\u00a0\u00bb{}\u00a0\u00bb]<\/p>\n<p><img loading=\"lazy\" decoding=\"async\" src=\"https:\/\/www.the-alien-project.com\/3DV\/wp-content\/uploads\/2025\/08\/en.png\" width=\"18\" height=\"12\" alt=\"\" class=\"wp-image-79 alignnone size-full\" \/><\/p>\n<h2>Presentation<\/h2>\n<p>This page invites you to explore a selection of mummies in 3D.<\/p>\n<p>\u00a0For an optimal user experience, we recommend viewing on a desktop computer with a mouse including a central wheel. <strong>Viewing on a mobile device (tablet, phone) is not guaranteed.<\/strong><\/p>\n<p>\u00a0Here are the possible actions to manipulate the chosen mummy in 3D:<\/p>\n<p>[\/et_pb_text][et_pb_image src=\u00a0\u00bbhttps:\/\/www.the-alien-project.com\/3DV\/wp-content\/uploads\/2025\/08\/souris-EN.png\u00a0\u00bb title_text=\u00a0\u00bbsouris-EN\u00a0\u00bb _builder_version=\u00a0\u00bb4.27.4&Prime; _module_preset=\u00a0\u00bbdefault\u00a0\u00bb custom_margin=\u00a0\u00bb||0px|||\u00a0\u00bb global_colors_info=\u00a0\u00bb{}\u00a0\u00bb][\/et_pb_image][et_pb_text _builder_version=\u00a0\u00bb4.27.4&Prime; _module_preset=\u00a0\u00bbdefault\u00a0\u00bb global_colors_info=\u00a0\u00bb{}\u00a0\u00bb]<\/p>\n<p>For each mummy, you will be able to:\u00a0<\/p>\n<ul>\n<li>select one or more layers according to the radiodensity value (left column)<\/li>\n<li>see the mummy in section using the \u00ab\u00a0Clipping Cam\u00a0\u00bb cursor placed under the 3 D representation of the mummy,<\/li>\n<li>switch to \u201cfull screen\u201d display by clicking on the purple button at the bottom right.\u00a0<\/li>\n<\/ul>\n<p>To access the only reference site bringing together the analysis results on the Mummies of Nasca:<\/p>\n<p>[\/et_pb_text][et_pb_button button_url=\u00a0\u00bbhttps:\/\/www.the-alien-project.com\/en\/\u00a0\u00bb url_new_window=\u00a0\u00bbon\u00a0\u00bb button_text=\u00a0\u00bbOfficial website about the Nazca mummies\u00a0\u00bb button_alignment=\u00a0\u00bbcenter\u00a0\u00bb _builder_version=\u00a0\u00bb4.27.4&Prime; _module_preset=\u00a0\u00bbdefault\u00a0\u00bb global_colors_info=\u00a0\u00bb{}\u00a0\u00bb][\/et_pb_button][\/et_pb_column][\/et_pb_row][\/et_pb_section]<\/p>\n","protected":false},"excerpt":{"rendered":"<p>Pr\u00e9sentation Cette page vous propose d&rsquo;explorer une s\u00e9lection de momies en 3D. Pour une exp\u00e9rience utilisateur optimale, nous vous conseillons la visualisation sur un ordinateur de bureau avec une souris comprenant une roulette centrale. La visualisation sur un appareil mobile (tablette, t\u00e9l\u00e9phone) n&rsquo;est pas garantie. Voici les actions possibles pour manipuler la momie choisie en [&hellip;]<\/p>\n","protected":false},"author":1,"featured_media":0,"parent":0,"menu_order":0,"comment_status":"closed","ping_status":"closed","template":"","meta":{"_et_pb_use_builder":"on","_et_pb_old_content":"","_et_gb_content_width":"","footnotes":""},"class_list":["post-37","page","type-page","status-publish","hentry"],"_links":{"self":[{"href":"https:\/\/www.the-alien-project.com\/3DV\/wp-json\/wp\/v2\/pages\/37","targetHints":{"allow":["GET"]}}],"collection":[{"href":"https:\/\/www.the-alien-project.com\/3DV\/wp-json\/wp\/v2\/pages"}],"about":[{"href":"https:\/\/www.the-alien-project.com\/3DV\/wp-json\/wp\/v2\/types\/page"}],"author":[{"embeddable":true,"href":"https:\/\/www.the-alien-project.com\/3DV\/wp-json\/wp\/v2\/users\/1"}],"replies":[{"embeddable":true,"href":"https:\/\/www.the-alien-project.com\/3DV\/wp-json\/wp\/v2\/comments?post=37"}],"version-history":[{"count":10,"href":"https:\/\/www.the-alien-project.com\/3DV\/wp-json\/wp\/v2\/pages\/37\/revisions"}],"predecessor-version":[{"id":237,"href":"https:\/\/www.the-alien-project.com\/3DV\/wp-json\/wp\/v2\/pages\/37\/revisions\/237"}],"wp:attachment":[{"href":"https:\/\/www.the-alien-project.com\/3DV\/wp-json\/wp\/v2\/media?parent=37"}],"curies":[{"name":"wp","href":"https:\/\/api.w.org\/{rel}","templated":true}]}}